{"id":8,"date":"2023-08-24T16:07:55","date_gmt":"2023-08-24T16:07:55","guid":{"rendered":"https:\/\/fredystuder.ch\/noise\/?page_id=8"},"modified":"2025-06-07T11:29:52","modified_gmt":"2025-06-07T11:29:52","slug":"noise-for-fredy","status":"publish","type":"page","link":"https:\/\/fredystuder.ch\/noise\/","title":{"rendered":"Noise for Fredy"},"content":{"rendered":"<p><a href=\"#yeah\">Ja \u2013 will ich unterst\u00fctzen!<\/a> \/\/\/ <a href=\"https:\/\/fredystuder.ch\/noise\/noise-for-fredy-english\/\">Yeah \u2013 I&#8217;ll support this!<\/a> (english)<br \/>\n\u2013<br \/>\n<strong>Verein \u00abNoise for Fredy\u00bb<\/strong><\/p>\n<p>Am 22. August 2022 ist der Luzerner Schlagzeuger Fredy Studer im Alter von 74 Jahren gestorben.<\/p>\n<p>Im Nachlass von Fredy Studer befinden sich zahlreiche schriftliche Dokumente, Tonaufnahmen sowie Bilder und Filme, die es zu erhalten gilt. Die Hochschule Luzern Musik (HSLU) hat einen grossen Teil dieses Nachlasses sichergestellt. Weitere Dokumente hat der Verein \u00abNoise for Fredy\u00bb \u00fcbernommen.<\/p>\n<p>Der Verein hat es sich zur Aufgabe gemacht, einerseits das Erbe des Musikers zu pflegen, anderseits die HSLU bei der Digitalisierung des Nachlasses finanziell zu unterst\u00fctzen. Die Digitalisierung wird von der HSLU in Zusammenarbeit mit der Fonoteca realisiert. Diese Arbeit ist mit einem hohen finanziellen Aufwand verbunden, den die HSLU nicht alleine bestreiten kann. Deshalb ist der Verein \u00abNoise for Fredy\u00bb bestrebt, \u00fcber Mitglieder- und G\u00f6nnerbeitr\u00e4ge einen Teil der Finanzierung zu erm\u00f6glichen.<\/p>\n<div id=\"yeah\"><\/div>\n<p>Mit einer Mitgliedschaft im Verein k\u00f6nnen Sie dazu beitragen, dass die Musik Fredy Studers auch in Zukunft zug\u00e4nglich bleibt. Die zweite Generalversammlung findet am 12.12.2025 statt.<\/p>\n<h2>Y E A H !<\/h2>\n<style id=\"wpforms-css-vars-29\">\n\t\t\t\t#wpforms-29 {\n\t\t\t\t\n\t\t\t}\n\t\t\t<\/style><div class=\"wpforms-container wpforms-container-full superojnk wpforms-render-modern\" id=\"wpforms-29\"><form id=\"wpforms-form-29\" class=\"wpforms-validate wpforms-form wpforms-ajax-form\" data-formid=\"29\" method=\"post\" enctype=\"multipart\/form-data\" action=\"\/noise\/wp-json\/wp\/v2\/pages\/8\" data-token=\"0f0c9aee582ade2d01cf971beed76674\" data-token-time=\"1776370694\"><noscript class=\"wpforms-error-noscript\">Bitte aktiviere JavaScript in deinem Browser, um dieses Formular fertigzustellen.<\/noscript><div id=\"wpforms-error-noscript\" style=\"display: none;\">Bitte aktiviere JavaScript in deinem Browser, um dieses Formular fertigzustellen.<\/div><div class=\"wpforms-field-container\"><div id=\"wpforms-29-field_5-container\" class=\"wpforms-field wpforms-field-checkbox\" data-field-id=\"5\"><fieldset><legend class=\"wpforms-field-label\">Ich unterst\u00fctze den Verein \u00abNoise for Fredy\u00bb folgendermassen: <span class=\"wpforms-required-label\" aria-hidden=\"true\">*<\/span><\/legend><ul id=\"wpforms-29-field_5\" class=\"wpforms-field-required\"><li class=\"choice-1 depth-1\"><input type=\"checkbox\" id=\"wpforms-29-field_5_1\" name=\"wpforms[fields][5][]\" value=\"Mitgliederbeitrag ab 45 Franken (inklusive CD\/Vinyl)\" aria-errormessage=\"wpforms-29-field_5_1-error\" required ><label class=\"wpforms-field-label-inline\" for=\"wpforms-29-field_5_1\">Mitgliederbeitrag ab 45 Franken (inklusive CD\/Vinyl)<\/label><\/li><li class=\"choice-2 depth-1\"><input type=\"checkbox\" id=\"wpforms-29-field_5_2\" name=\"wpforms[fields][5][]\" value=\"Beitrag G\u00f6nner\/G\u00f6nnerinnen ab 200 Franken (inklusive Vinyl\/Buch-Box \u00abNow&#039;s The Time\u00bb)\" aria-errormessage=\"wpforms-29-field_5_2-error\" required ><label class=\"wpforms-field-label-inline\" for=\"wpforms-29-field_5_2\">Beitrag G\u00f6nner\/G\u00f6nnerinnen ab 200 Franken (inklusive Vinyl\/Buch-Box \u00abNow's The Time\u00bb)<\/label><\/li><li class=\"choice-3 depth-1\"><input type=\"checkbox\" id=\"wpforms-29-field_5_3\" name=\"wpforms[fields][5][]\" value=\"einmalige Spende (ohne Mitgliedschaft)\" aria-errormessage=\"wpforms-29-field_5_3-error\" required ><label class=\"wpforms-field-label-inline\" for=\"wpforms-29-field_5_3\">einmalige Spende (ohne Mitgliedschaft)<\/label><\/li><\/ul><\/fieldset><\/div><div id=\"wpforms-29-field_0-container\" class=\"wpforms-field wpforms-field-name\" data-field-id=\"0\"><fieldset><legend class=\"wpforms-field-label\">Name <span class=\"wpforms-required-label\" aria-hidden=\"true\">*<\/span><\/legend><div class=\"wpforms-field-row wpforms-field-medium\"><div class=\"wpforms-field-row-block wpforms-first wpforms-one-half\"><input type=\"text\" id=\"wpforms-29-field_0\" class=\"wpforms-field-name-first wpforms-field-required\" name=\"wpforms[fields][0][first]\" placeholder=\"First\" aria-errormessage=\"wpforms-29-field_0-error\" required><label for=\"wpforms-29-field_0\" class=\"wpforms-field-sublabel after\">Vorname<\/label><\/div><div class=\"wpforms-field-row-block wpforms-one-half\"><input type=\"text\" id=\"wpforms-29-field_0-last\" class=\"wpforms-field-name-last wpforms-field-required\" name=\"wpforms[fields][0][last]\" placeholder=\"Last\" aria-errormessage=\"wpforms-29-field_0-last-error\" required><label for=\"wpforms-29-field_0-last\" class=\"wpforms-field-sublabel after\">Nachname<\/label><\/div><\/div><\/fieldset><\/div><div id=\"wpforms-29-field_7-container\" class=\"wpforms-field wpforms-field-text\" data-field-id=\"7\"><label class=\"wpforms-field-label\" for=\"wpforms-29-field_7\">Strasse Nr. <span class=\"wpforms-required-label\" aria-hidden=\"true\">*<\/span><\/label><input type=\"text\" id=\"wpforms-29-field_7\" class=\"wpforms-field-medium wpforms-field-required\" name=\"wpforms[fields][7]\" aria-errormessage=\"wpforms-29-field_7-error\" aria-describedby=\"wpforms-29-field_7-description\" required><div id=\"wpforms-29-field_7-description\" class=\"wpforms-field-description\">Strasse Nr.<\/div><\/div><div id=\"wpforms-29-field_9-container\" class=\"wpforms-field wpforms-field-text\" data-field-id=\"9\"><label class=\"wpforms-field-label\" for=\"wpforms-29-field_9\">PLZ \/ Ort \/ Land <span class=\"wpforms-required-label\" aria-hidden=\"true\">*<\/span><\/label><input type=\"text\" id=\"wpforms-29-field_9\" class=\"wpforms-field-medium wpforms-field-required\" name=\"wpforms[fields][9]\" aria-errormessage=\"wpforms-29-field_9-error\" aria-describedby=\"wpforms-29-field_9-description\" required><div id=\"wpforms-29-field_9-description\" class=\"wpforms-field-description\">PLZ \/ Ort \/ Land<\/div><\/div><div id=\"wpforms-29-field_1-container\" class=\"wpforms-field wpforms-field-email\" data-field-id=\"1\"><label class=\"wpforms-field-label\" for=\"wpforms-29-field_1\">E-Mail <span class=\"wpforms-required-label\" aria-hidden=\"true\">*<\/span><\/label><input type=\"email\" id=\"wpforms-29-field_1\" class=\"wpforms-field-medium wpforms-field-required\" name=\"wpforms[fields][1]\" spellcheck=\"false\" aria-errormessage=\"wpforms-29-field_1-error\" required><\/div><div id=\"wpforms-29-field_10-container\" class=\"wpforms-field wpforms-field-select wpforms-field-select-style-classic\" data-field-id=\"10\"><label class=\"wpforms-field-label\" for=\"wpforms-29-field_10\">Wie ich zahle: <span class=\"wpforms-required-label\" aria-hidden=\"true\">*<\/span><\/label><select id=\"wpforms-29-field_10\" class=\"wpforms-field-medium wpforms-field-required\" name=\"wpforms[fields][10]\" required=\"required\"><option value=\"Ich bezahle via IBAN\"  class=\"choice-1 depth-1\"  >Ich bezahle via IBAN<\/option><option value=\"Bitte um eine Rechnung\"  class=\"choice-2 depth-1\"  >Bitte um eine Rechnung<\/option><\/select><\/div><\/div><!-- .wpforms-field-container --><div class=\"wpforms-submit-container\" ><input type=\"hidden\" name=\"wpforms[id]\" value=\"29\"><input type=\"hidden\" name=\"page_title\" value=\"\"><input type=\"hidden\" name=\"page_url\" value=\"https:\/\/fredystuder.ch\/noise\/wp-json\/wp\/v2\/pages\/8\"><input type=\"hidden\" name=\"url_referer\" value=\"\"><button type=\"submit\" name=\"wpforms[submit]\" id=\"wpforms-submit-29\" class=\"wpforms-submit\" data-alt-text=\"Sending...\" data-submit-text=\"Abschicken!\" aria-live=\"assertive\" value=\"wpforms-submit\">Abschicken!<\/button><img loading=\"lazy\" decoding=\"async\" src=\"https:\/\/fredystuder.ch\/noise\/wp-content\/plugins\/wpforms-lite\/assets\/images\/submit-spin.svg\" class=\"wpforms-submit-spinner\" style=\"display: none;\" width=\"26\" height=\"26\" alt=\"Wird geladen\"><\/div><\/form><\/div>  <!-- .wpforms-container -->\n<p>Beitrag bitte hier einzahlen: Vereinskonto \u00abNoise for Fredy\u00bb \/ IBAN<br \/>\nCH58 0900 0000 1619 4778 0<\/p>\n<p><img loading=\"lazy\" decoding=\"async\" class=\"qr_code alignnone wp-image-39 size-thumbnail\" src=\"https:\/\/fredystuder.ch\/noise\/wp-content\/uploads\/2023\/08\/qr_rechnung_20230824_3-150x150.gif\" alt=\"\" width=\"150\" height=\"150\" srcset=\"https:\/\/fredystuder.ch\/noise\/wp-content\/uploads\/2023\/08\/qr_rechnung_20230824_3-150x150.gif 150w, https:\/\/fredystuder.ch\/noise\/wp-content\/uploads\/2023\/08\/qr_rechnung_20230824_3-300x300.gif 300w\" sizes=\"auto, (max-width: 150px) 100vw, 150px\" \/><\/p>\n<p><em>Der Verein \u00abNoise for Fredy\u00bb wurde im Sommer 2023 von Kurt Murpf (Pr\u00e4sident), Christine Weber (Gesch\u00e4ftsstelle), Meinrad Buholzer und Pirmin Bossart initiiert.<\/em><\/p>\n<p>Adresse der Gesch\u00e4ftsstelle:<br \/>\nVerein<br \/>\nNoise for Fredy<br \/>\nHirschengraben 52<br \/>\n6003 Luzern-CH<\/p>\n<p><a href=\"mailto:noise@fredystuder.ch\">noise@fredystuder.ch<\/a><br \/>\n\u2013<br \/>\nZur\u00fcck zur <a href=\"https:\/\/fredystuder.ch\">Website Fredy Studer (status 2022)<\/a><\/p>\n","protected":false},"excerpt":{"rendered":"<p>Ja \u2013 will ich unterst\u00fctzen! \/\/\/ Yeah \u2013 I&#8217;ll support this! (english) \u2013 Verein \u00abNoise for Fredy\u00bb Am 22. August 2022 ist der Luzerner Schlagzeuger Fredy Studer im Alter von 74 Jahren gestorben. Im Nachlass von Fredy Studer befinden sich zahlreiche schriftliche Dokumente, Tonaufnahmen sowie Bilder und Filme, die es zu erhalten gilt. Die Hochschule [&hellip;]<\/p>\n","protected":false},"author":1,"featured_media":0,"parent":0,"menu_order":0,"comment_status":"closed","ping_status":"closed","template":"","meta":{"_acf_changed":false,"footnotes":""},"class_list":["post-8","page","type-page","status-publish","hentry"],"acf":[],"_links":{"self":[{"href":"https:\/\/fredystuder.ch\/noise\/wp-json\/wp\/v2\/pages\/8","targetHints":{"allow":["GET"]}}],"collection":[{"href":"https:\/\/fredystuder.ch\/noise\/wp-json\/wp\/v2\/pages"}],"about":[{"href":"https:\/\/fredystuder.ch\/noise\/wp-json\/wp\/v2\/types\/page"}],"author":[{"embeddable":true,"href":"https:\/\/fredystuder.ch\/noise\/wp-json\/wp\/v2\/users\/1"}],"replies":[{"embeddable":true,"href":"https:\/\/fredystuder.ch\/noise\/wp-json\/wp\/v2\/comments?post=8"}],"version-history":[{"count":28,"href":"https:\/\/fredystuder.ch\/noise\/wp-json\/wp\/v2\/pages\/8\/revisions"}],"predecessor-version":[{"id":111,"href":"https:\/\/fredystuder.ch\/noise\/wp-json\/wp\/v2\/pages\/8\/revisions\/111"}],"wp:attachment":[{"href":"https:\/\/fredystuder.ch\/noise\/wp-json\/wp\/v2\/media?parent=8"}],"curies":[{"name":"wp","href":"https:\/\/api.w.org\/{rel}","templated":true}]}}